{"id":14679,"date":"2026-04-16T07:58:53","date_gmt":"2026-04-16T07:58:53","guid":{"rendered":"https:\/\/vends.az\/index.php\/product\/sis-kb-11-lule\/"},"modified":"2026-04-16T08:02:18","modified_gmt":"2026-04-16T08:02:18","slug":"sis-kb-11-lule","status":"publish","type":"product","link":"https:\/\/vends.az\/index.php\/product\/sis-kb-11-lule\/","title":{"rendered":"\u015e\u0131\u015f  KB-11 L\u00fcle"},"content":{"rendered":"","protected":false},"excerpt":{"rendered":"","protected":false},"featured_media":14651,"comment_status":"open","ping_status":"closed","template":"","meta":[],"product_brand":[],"product_cat":[792],"product_tag":[],"class_list":{"0":"post-14679","1":"product","2":"type-product","3":"status-publish","4":"has-post-thumbnail","6":"product_cat-kabab-sisi-ve-copleri","8":"first","9":"instock","10":"shipping-taxable","11":"product-type-simple"},"_links":{"self":[{"href":"https:\/\/vends.az\/index.php\/wp-json\/wp\/v2\/product\/14679","targetHints":{"allow":["GET"]}}],"collection":[{"href":"https:\/\/vends.az\/index.php\/wp-json\/wp\/v2\/product"}],"about":[{"href":"https:\/\/vends.az\/index.php\/wp-json\/wp\/v2\/types\/product"}],"replies":[{"embeddable":true,"href":"https:\/\/vends.az\/index.php\/wp-json\/wp\/v2\/comments?post=14679"}],"version-history":[{"count":1,"href":"https:\/\/vends.az\/index.php\/wp-json\/wp\/v2\/product\/14679\/revisions"}],"predecessor-version":[{"id":14701,"href":"https:\/\/vends.az\/index.php\/wp-json\/wp\/v2\/product\/14679\/revisions\/14701"}],"wp:featuredmedia":[{"embeddable":true,"href":"https:\/\/vends.az\/index.php\/wp-json\/wp\/v2\/media\/14651"}],"wp:attachment":[{"href":"https:\/\/vends.az\/index.php\/wp-json\/wp\/v2\/media?parent=14679"}],"wp:term":[{"taxonomy":"product_brand","embeddable":true,"href":"https:\/\/vends.az\/index.php\/wp-json\/wp\/v2\/product_brand?post=14679"},{"taxonomy":"product_cat","embeddable":true,"href":"https:\/\/vends.az\/index.php\/wp-json\/wp\/v2\/product_cat?post=14679"},{"taxonomy":"product_tag","embeddable":true,"href":"https:\/\/vends.az\/index.php\/wp-json\/wp\/v2\/product_tag?post=14679"}],"curies":[{"name":"wp","href":"https:\/\/api.w.org\/{rel}","templated":true}]}}